{"id":13,"date":"2024-03-20T11:08:43","date_gmt":"2024-03-20T10:08:43","guid":{"rendered":"http:\/\/lachataigneraiedebelair.fr\/?page_id=13"},"modified":"2024-03-21T19:18:54","modified_gmt":"2024-03-21T18:18:54","slug":"contact-reservation","status":"publish","type":"page","link":"https:\/\/lachataigneraiedebelair.fr\/index.php\/contact-reservation\/","title":{"rendered":"Contact &#038; r\u00e9servation"},"content":{"rendered":"\t\t<div data-elementor-type=\"wp-page\" data-elementor-id=\"13\" class=\"elementor elementor-13\">\n\t\t\t\t<div class=\"elementor-element elementor-element-891b79a e-con-full e-flex e-con e-parent\" data-id=\"891b79a\" data-element_type=\"container\" data-e-type=\"container\">\n\t\t\t\t<div class=\"elementor-element elementor-element-ccce137 elementor-widget elementor-widget-heading\" data-id=\"ccce137\" data-element_type=\"widget\" data-e-type=\"widget\" data-widget_type=\"heading.default\">\n\t\t\t\t<div class=\"elementor-widget-container\">\n\t\t\t\t\t<h3 class=\"elementor-heading-title elementor-size-default\">LA CHATAIGNERAIE DE BEL AIR<\/h3>\t\t\t\t<\/div>\n\t\t\t\t<\/div>\n\t\t\t\t<div class=\"elementor-element elementor-element-2ab6820 elementor-widget elementor-widget-heading\" data-id=\"2ab6820\" data-element_type=\"widget\" data-e-type=\"widget\" data-widget_type=\"heading.default\">\n\t\t\t\t<div class=\"elementor-widget-container\">\n\t\t\t\t\t<h3 class=\"elementor-heading-title elementor-size-default\">7 Le Theilloux 23230 Bord-Saint-Georges<\/h3>\t\t\t\t<\/div>\n\t\t\t\t<\/div>\n\t\t\t\t<div class=\"elementor-element elementor-element-fa57a72 elementor-align-center elementor-widget elementor-widget-button\" data-id=\"fa57a72\" data-element_type=\"widget\" data-e-type=\"widget\" data-widget_type=\"button.default\">\n\t\t\t\t<div class=\"elementor-widget-container\">\n\t\t\t\t\t\t\t\t\t<div class=\"elementor-button-wrapper\">\n\t\t\t\t\t<a class=\"elementor-button elementor-button-link elementor-size-sm\" href=\"#\">\n\t\t\t\t\t\t<span class=\"elementor-button-content-wrapper\">\n\t\t\t\t\t\t\t\t\t<span class=\"elementor-button-text\">06 19 55 23 67<\/span>\n\t\t\t\t\t<\/span>\n\t\t\t\t\t<\/a>\n\t\t\t\t<\/div>\n\t\t\t\t\t\t\t\t<\/div>\n\t\t\t\t<\/div>\n\t\t\t\t<div class=\"elementor-element elementor-element-1679f7a elementor-widget elementor-widget-image\" data-id=\"1679f7a\" data-element_type=\"widget\" data-e-type=\"widget\" data-widget_type=\"image.default\">\n\t\t\t\t<div class=\"elementor-widget-container\">\n\t\t\t\t\t\t\t\t\t\t\t\t\t\t\t<img fetchpriority=\"high\" decoding=\"async\" width=\"1024\" height=\"617\" src=\"https:\/\/lachataigneraiedebelair.fr\/wp-content\/uploads\/2024\/03\/66-1024x617.png\" class=\"attachment-large size-large wp-image-243\" alt=\"\" srcset=\"https:\/\/lachataigneraiedebelair.fr\/wp-content\/uploads\/2024\/03\/66-1024x617.png 1024w, https:\/\/lachataigneraiedebelair.fr\/wp-content\/uploads\/2024\/03\/66-300x181.png 300w, https:\/\/lachataigneraiedebelair.fr\/wp-content\/uploads\/2024\/03\/66-768x463.png 768w, https:\/\/lachataigneraiedebelair.fr\/wp-content\/uploads\/2024\/03\/66.png 1397w\" sizes=\"(max-width: 1024px) 100vw, 1024px\" \/>\t\t\t\t\t\t\t\t\t\t\t\t\t\t\t<\/div>\n\t\t\t\t<\/div>\n\t\t\t\t<\/div>\n\t\t<div class=\"elementor-element elementor-element-82c2941 e-con-full e-flex e-con e-parent\" data-id=\"82c2941\" data-element_type=\"container\" data-e-type=\"container\">\n\t\t\t\t<div class=\"elementor-element elementor-element-c2ad3f8 elementor-widget elementor-widget-heading\" data-id=\"c2ad3f8\" data-element_type=\"widget\" data-e-type=\"widget\" data-widget_type=\"heading.default\">\n\t\t\t\t<div class=\"elementor-widget-container\">\n\t\t\t\t\t<h2 class=\"elementor-heading-title elementor-size-default\">Formulaire de contact<\/h2>\t\t\t\t<\/div>\n\t\t\t\t<\/div>\n\t\t\t\t<div class=\"elementor-element elementor-element-5a2c4da elementor-widget elementor-widget-text-editor\" data-id=\"5a2c4da\" data-element_type=\"widget\" data-e-type=\"widget\" data-widget_type=\"text-editor.default\">\n\t\t\t\t<div class=\"elementor-widget-container\">\n\t\t\t\t\t\t\t\t\t<p>Remplissez ce formulaire pour toute demande de r\u00e9servation, question g\u00e9n\u00e9rale, ou pour prendre rendez-vous pour visiter notre pension.<br \/>Nous vous r\u00e9pondrons dans les plus brefs d\u00e9lais.<\/p>\t\t\t\t\t\t\t\t<\/div>\n\t\t\t\t<\/div>\n\t\t\t\t<div class=\"elementor-element elementor-element-22ad1b6 elementor-widget elementor-widget-formidable\" data-id=\"22ad1b6\" data-element_type=\"widget\" data-e-type=\"widget\" data-widget_type=\"formidable.default\">\n\t\t\t\t<div class=\"elementor-widget-container\">\n\t\t\t\t\t<div class=\"frm_forms  with_frm_style frm_style_style-formidable\" id=\"frm_form_2_container\" data-token=\"627e257e910e9b7156a387892607b76a\">\n<form enctype=\"multipart\/form-data\" method=\"post\" class=\"frm-show-form \" id=\"form_contact\" data-token=\"627e257e910e9b7156a387892607b76a\">\n<div class=\"frm_form_fields \">\n<fieldset>\n<legend class=\"frm_screen_reader\">contact<\/legend>\r\n\r\n<div class=\"frm_fields_container\">\n<input type=\"hidden\" name=\"frm_action\" value=\"create\" \/>\n<input type=\"hidden\" name=\"form_id\" value=\"2\" \/>\n<input type=\"hidden\" name=\"frm_hide_fields_2\" id=\"frm_hide_fields_2\" value=\"\" \/>\n<input type=\"hidden\" name=\"form_key\" value=\"contact\" \/>\n<input type=\"hidden\" name=\"item_meta[0]\" value=\"\" \/>\n<input type=\"hidden\" id=\"frm_submit_entry_2\" name=\"frm_submit_entry_2\" value=\"c368f4092a\" \/><input type=\"hidden\" name=\"_wp_http_referer\" value=\"\/index.php\/wp-json\/wp\/v2\/pages\/13\" \/><div id=\"frm_field_6_container\" class=\"frm_form_field form-field  frm_required_field frm_top_container frm6 frm_first\">\r\n    <label for=\"field_vc1n0\" id=\"field_vc1n0_label\" class=\"frm_primary_label\">Nom\r\n        <span class=\"frm_required\" aria-hidden=\"true\">*<\/span>\r\n    <\/label>\r\n    <input type=\"text\" id=\"field_vc1n0\" name=\"item_meta[6]\" value=\"\"  placeholder=\"Saisir votre nom\" data-reqmsg=\"Nom cannot be blank.\" aria-required=\"true\" data-invmsg=\"Nom est non valide\" aria-invalid=\"false\"  \/>\r\n    \r\n    \r\n<\/div>\n<div id=\"frm_field_10_container\" class=\"frm_form_field form-field  frm_top_container frm6\">\r\n    <label for=\"field_u92y7\" id=\"field_u92y7_label\" class=\"frm_primary_label\">T\u00e9l\u00e9phone\r\n        <span class=\"frm_required\" aria-hidden=\"true\"><\/span>\r\n    <\/label>\r\n    <input type=\"tel\" id=\"field_u92y7\" name=\"item_meta[10]\" value=\"\"  placeholder=\"Pour vous rapeller\" data-invmsg=\"T\u00e9l\u00e9phone est non valide\" aria-invalid=\"false\" pattern=\"((\\+\\d{1,3}(-|.| )?\\(?\\d\\)?(-| |.)?\\d{1,5})|(\\(?\\d{2,6}\\)?))(-|.| )?(\\d{3,4})(-|.| )?(\\d{4})(( x| ext)\\d{1,5}){0,1}$\"  \/>\r\n    \r\n    \r\n<\/div>\n<div id=\"frm_field_8_container\" class=\"frm_form_field form-field  frm_required_field frm_top_container frm12 frm_first\">\r\n    <label for=\"field_p82qi\" id=\"field_p82qi_label\" class=\"frm_primary_label\">Email\r\n        <span class=\"frm_required\" aria-hidden=\"true\">*<\/span>\r\n    <\/label>\r\n    <input type=\"email\" id=\"field_p82qi\" name=\"item_meta[8]\" value=\"\"  placeholder=\"Votre email pour vous recontacter\" data-reqmsg=\"Email cannot be blank.\" aria-required=\"true\" data-invmsg=\"Email est non valide\" aria-invalid=\"false\"  \/>\r\n    \r\n    \r\n<\/div>\n<div id=\"frm_field_9_container\" class=\"frm_form_field form-field  frm_required_field frm_top_container\">\r\n    <label for=\"field_9bf20\" id=\"field_9bf20_label\" class=\"frm_primary_label\">Message\r\n        <span class=\"frm_required\" aria-hidden=\"true\">*<\/span>\r\n    <\/label>\r\n    <textarea name=\"item_meta[9]\" id=\"field_9bf20\" rows=\"5\"  placeholder=\"Saisir votre demande ici...\" data-reqmsg=\"Message cannot be blank.\" aria-required=\"true\" data-invmsg=\"Message is invalid\" aria-invalid=\"false\"  ><\/textarea>\r\n    \r\n    \r\n<\/div>\n\t<input type=\"hidden\" name=\"item_key\" value=\"\" \/>\n\t\t\t<div id=\"frm_field_11_container\">\n\t\t\t<label for=\"field_82n40\" >\n\t\t\t\tIf you are human, leave this field blank.\t\t\t<\/label>\n\t\t\t<input  id=\"field_82n40\" type=\"text\" class=\"frm_form_field form-field frm_verify\" name=\"item_meta[11]\" value=\"\"  \/>\n\t\t<\/div>\n\t\t<input name=\"frm_state\" type=\"hidden\" value=\"gHKGdAthgOqsOoLTHkrjaReCouIVXe49TRUnU0+2kv0=\" \/><div class=\"frm_submit frm_flex\">\r\n<button class=\"frm_button_submit\" type=\"submit\"  >Envoyer<\/button>\r\n\r\n\r\n\r\n<\/div><\/div>\n<\/fieldset>\n<\/div>\n\n<\/form>\n<\/div>\n\t\t\t\t<\/div>\n\t\t\t\t<\/div>\n\t\t\t\t<\/div>\n\t\t<div class=\"elementor-element elementor-element-bcedf1c e-con-full e-flex e-con e-parent\" data-id=\"bcedf1c\" data-element_type=\"container\" data-e-type=\"container\">\n\t\t\t\t<div class=\"elementor-element elementor-element-e43d94a elementor-widget elementor-widget-heading\" data-id=\"e43d94a\" data-element_type=\"widget\" data-e-type=\"widget\" data-widget_type=\"heading.default\">\n\t\t\t\t<div class=\"elementor-widget-container\">\n\t\t\t\t\t<h2 class=\"elementor-heading-title elementor-size-default\">Plan d'acc\u00e8s<\/h2>\t\t\t\t<\/div>\n\t\t\t\t<\/div>\n\t\t\t\t<div class=\"elementor-element elementor-element-7fd9ca3 elementor-widget elementor-widget-google_maps\" data-id=\"7fd9ca3\" data-element_type=\"widget\" data-e-type=\"widget\" data-widget_type=\"google_maps.default\">\n\t\t\t\t<div class=\"elementor-widget-container\">\n\t\t\t\t\t\t\t<div class=\"elementor-custom-embed\">\n\t\t\t<iframe loading=\"lazy\"\n\t\t\t\t\tsrc=\"https:\/\/maps.google.com\/maps?q=7%20Le%20Theilloux%2C%2023230%20Bord-Saint-Georges&#038;t=m&#038;z=14&#038;output=embed&#038;iwloc=near\"\n\t\t\t\t\ttitle=\"7 Le Theilloux, 23230 Bord-Saint-Georges\"\n\t\t\t\t\taria-label=\"7 Le Theilloux, 23230 Bord-Saint-Georges\"\n\t\t\t><\/iframe>\n\t\t<\/div>\n\t\t\t\t\t\t<\/div>\n\t\t\t\t<\/div>\n\t\t\t\t<\/div>\n\t\t\t\t<\/div>\n\t\t","protected":false},"excerpt":{"rendered":"<p>LA CHATAIGNERAIE DE BEL AIR 7 Le Theilloux 23230 Bord-Saint-Georges 06 19 55 23 67 Formulaire de contact Remplissez ce formulaire pour toute demande de r\u00e9servation, question g\u00e9n\u00e9rale, ou pour prendre rendez-vous pour visiter notre pension.Nous vous r\u00e9pondrons dans les plus brefs d\u00e9lais. contact Nom * T\u00e9l\u00e9phone Email * Message * Si vous \u00eates un [&hellip;]<\/p>\n","protected":false},"author":1,"featured_media":0,"parent":0,"menu_order":0,"comment_status":"closed","ping_status":"closed","template":"","meta":{"footnotes":""},"class_list":["post-13","page","type-page","status-publish","hentry","entry"],"yoast_head":"<!-- This site is optimized with the Yoast SEO plugin v27.1.1 - https:\/\/yoast.com\/product\/yoast-seo-wordpress\/ -->\n<title>Contact &amp; r\u00e9servation - La Ch\u00e2taigneraie de Bel Air<\/title>\n<meta name=\"robots\" content=\"index, follow, max-snippet:-1, max-image-preview:large, max-video-preview:-1\" \/>\n<link rel=\"canonical\" href=\"https:\/\/lachataigneraiedebelair.fr\/index.php\/contact-reservation\/\" \/>\n<meta property=\"og:locale\" content=\"en_US\" \/>\n<meta property=\"og:type\" content=\"article\" \/>\n<meta property=\"og:title\" content=\"Contact &amp; r\u00e9servation - La Ch\u00e2taigneraie de Bel Air\" \/>\n<meta property=\"og:description\" content=\"LA CHATAIGNERAIE DE BEL AIR 7 Le Theilloux 23230 Bord-Saint-Georges 06 19 55 23 67 Formulaire de contact Remplissez ce formulaire pour toute demande de r\u00e9servation, question g\u00e9n\u00e9rale, ou pour prendre rendez-vous pour visiter notre pension.Nous vous r\u00e9pondrons dans les plus brefs d\u00e9lais. contact Nom * T\u00e9l\u00e9phone Email * Message * Si vous \u00eates un [&hellip;]\" \/>\n<meta property=\"og:url\" content=\"https:\/\/lachataigneraiedebelair.fr\/index.php\/contact-reservation\/\" \/>\n<meta property=\"og:site_name\" content=\"La Ch\u00e2taigneraie de Bel Air\" \/>\n<meta property=\"article:modified_time\" content=\"2024-03-21T18:18:54+00:00\" \/>\n<meta property=\"og:image\" content=\"http:\/\/lachataigneraiedebelair.fr\/wp-content\/uploads\/2024\/03\/66-1024x617.png\" \/>\n<meta name=\"twitter:card\" content=\"summary_large_image\" \/>\n<meta name=\"twitter:label1\" content=\"Est. reading time\" \/>\n\t<meta name=\"twitter:data1\" content=\"1 minute\" \/>\n<script type=\"application\/ld+json\" class=\"yoast-schema-graph\">{\"@context\":\"https:\/\/schema.org\",\"@graph\":[{\"@type\":\"WebPage\",\"@id\":\"https:\/\/lachataigneraiedebelair.fr\/index.php\/contact-reservation\/\",\"url\":\"https:\/\/lachataigneraiedebelair.fr\/index.php\/contact-reservation\/\",\"name\":\"Contact & r\u00e9servation - La Ch\u00e2taigneraie de Bel Air\",\"isPartOf\":{\"@id\":\"https:\/\/lachataigneraiedebelair.fr\/#website\"},\"primaryImageOfPage\":{\"@id\":\"https:\/\/lachataigneraiedebelair.fr\/index.php\/contact-reservation\/#primaryimage\"},\"image\":{\"@id\":\"https:\/\/lachataigneraiedebelair.fr\/index.php\/contact-reservation\/#primaryimage\"},\"thumbnailUrl\":\"http:\/\/lachataigneraiedebelair.fr\/wp-content\/uploads\/2024\/03\/66-1024x617.png\",\"datePublished\":\"2024-03-20T10:08:43+00:00\",\"dateModified\":\"2024-03-21T18:18:54+00:00\",\"breadcrumb\":{\"@id\":\"https:\/\/lachataigneraiedebelair.fr\/index.php\/contact-reservation\/#breadcrumb\"},\"inLanguage\":\"en-US\",\"potentialAction\":[{\"@type\":\"ReadAction\",\"target\":[\"https:\/\/lachataigneraiedebelair.fr\/index.php\/contact-reservation\/\"]}]},{\"@type\":\"ImageObject\",\"inLanguage\":\"en-US\",\"@id\":\"https:\/\/lachataigneraiedebelair.fr\/index.php\/contact-reservation\/#primaryimage\",\"url\":\"https:\/\/lachataigneraiedebelair.fr\/wp-content\/uploads\/2024\/03\/66.png\",\"contentUrl\":\"https:\/\/lachataigneraiedebelair.fr\/wp-content\/uploads\/2024\/03\/66.png\",\"width\":1397,\"height\":842},{\"@type\":\"BreadcrumbList\",\"@id\":\"https:\/\/lachataigneraiedebelair.fr\/index.php\/contact-reservation\/#breadcrumb\",\"itemListElement\":[{\"@type\":\"ListItem\",\"position\":1,\"name\":\"Accueil\",\"item\":\"https:\/\/lachataigneraiedebelair.fr\/\"},{\"@type\":\"ListItem\",\"position\":2,\"name\":\"Contact &#038; r\u00e9servation\"}]},{\"@type\":\"WebSite\",\"@id\":\"https:\/\/lachataigneraiedebelair.fr\/#website\",\"url\":\"https:\/\/lachataigneraiedebelair.fr\/\",\"name\":\"La Ch\u00e2taigneraie de Bel Air\",\"description\":\"Votre compagnon est notre passion !\",\"publisher\":{\"@id\":\"https:\/\/lachataigneraiedebelair.fr\/#organization\"},\"potentialAction\":[{\"@type\":\"SearchAction\",\"target\":{\"@type\":\"EntryPoint\",\"urlTemplate\":\"https:\/\/lachataigneraiedebelair.fr\/?s={search_term_string}\"},\"query-input\":{\"@type\":\"PropertyValueSpecification\",\"valueRequired\":true,\"valueName\":\"search_term_string\"}}],\"inLanguage\":\"en-US\"},{\"@type\":\"Organization\",\"@id\":\"https:\/\/lachataigneraiedebelair.fr\/#organization\",\"name\":\"La Ch\u00e2taigneraie de Bel Air\",\"url\":\"https:\/\/lachataigneraiedebelair.fr\/\",\"logo\":{\"@type\":\"ImageObject\",\"inLanguage\":\"en-US\",\"@id\":\"https:\/\/lachataigneraiedebelair.fr\/#\/schema\/logo\/image\/\",\"url\":\"https:\/\/lachataigneraiedebelair.fr\/wp-content\/uploads\/2024\/03\/cropped-Logo-1-Chataigneraie.png\",\"contentUrl\":\"https:\/\/lachataigneraiedebelair.fr\/wp-content\/uploads\/2024\/03\/cropped-Logo-1-Chataigneraie.png\",\"width\":500,\"height\":500,\"caption\":\"La Ch\u00e2taigneraie de Bel Air\"},\"image\":{\"@id\":\"https:\/\/lachataigneraiedebelair.fr\/#\/schema\/logo\/image\/\"}}]}<\/script>\n<!-- \/ Yoast SEO plugin. -->","yoast_head_json":{"title":"Contact & r\u00e9servation - La Ch\u00e2taigneraie de Bel Air","robots":{"index":"index","follow":"follow","max-snippet":"max-snippet:-1","max-image-preview":"max-image-preview:large","max-video-preview":"max-video-preview:-1"},"canonical":"https:\/\/lachataigneraiedebelair.fr\/index.php\/contact-reservation\/","og_locale":"en_US","og_type":"article","og_title":"Contact & r\u00e9servation - La Ch\u00e2taigneraie de Bel Air","og_description":"LA CHATAIGNERAIE DE BEL AIR 7 Le Theilloux 23230 Bord-Saint-Georges 06 19 55 23 67 Formulaire de contact Remplissez ce formulaire pour toute demande de r\u00e9servation, question g\u00e9n\u00e9rale, ou pour prendre rendez-vous pour visiter notre pension.Nous vous r\u00e9pondrons dans les plus brefs d\u00e9lais. contact Nom * T\u00e9l\u00e9phone Email * Message * Si vous \u00eates un [&hellip;]","og_url":"https:\/\/lachataigneraiedebelair.fr\/index.php\/contact-reservation\/","og_site_name":"La Ch\u00e2taigneraie de Bel Air","article_modified_time":"2024-03-21T18:18:54+00:00","og_image":[{"url":"http:\/\/lachataigneraiedebelair.fr\/wp-content\/uploads\/2024\/03\/66-1024x617.png","type":"","width":"","height":""}],"twitter_card":"summary_large_image","twitter_misc":{"Est. reading time":"1 minute"},"schema":{"@context":"https:\/\/schema.org","@graph":[{"@type":"WebPage","@id":"https:\/\/lachataigneraiedebelair.fr\/index.php\/contact-reservation\/","url":"https:\/\/lachataigneraiedebelair.fr\/index.php\/contact-reservation\/","name":"Contact & r\u00e9servation - La Ch\u00e2taigneraie de Bel Air","isPartOf":{"@id":"https:\/\/lachataigneraiedebelair.fr\/#website"},"primaryImageOfPage":{"@id":"https:\/\/lachataigneraiedebelair.fr\/index.php\/contact-reservation\/#primaryimage"},"image":{"@id":"https:\/\/lachataigneraiedebelair.fr\/index.php\/contact-reservation\/#primaryimage"},"thumbnailUrl":"http:\/\/lachataigneraiedebelair.fr\/wp-content\/uploads\/2024\/03\/66-1024x617.png","datePublished":"2024-03-20T10:08:43+00:00","dateModified":"2024-03-21T18:18:54+00:00","breadcrumb":{"@id":"https:\/\/lachataigneraiedebelair.fr\/index.php\/contact-reservation\/#breadcrumb"},"inLanguage":"en-US","potentialAction":[{"@type":"ReadAction","target":["https:\/\/lachataigneraiedebelair.fr\/index.php\/contact-reservation\/"]}]},{"@type":"ImageObject","inLanguage":"en-US","@id":"https:\/\/lachataigneraiedebelair.fr\/index.php\/contact-reservation\/#primaryimage","url":"https:\/\/lachataigneraiedebelair.fr\/wp-content\/uploads\/2024\/03\/66.png","contentUrl":"https:\/\/lachataigneraiedebelair.fr\/wp-content\/uploads\/2024\/03\/66.png","width":1397,"height":842},{"@type":"BreadcrumbList","@id":"https:\/\/lachataigneraiedebelair.fr\/index.php\/contact-reservation\/#breadcrumb","itemListElement":[{"@type":"ListItem","position":1,"name":"Accueil","item":"https:\/\/lachataigneraiedebelair.fr\/"},{"@type":"ListItem","position":2,"name":"Contact &#038; r\u00e9servation"}]},{"@type":"WebSite","@id":"https:\/\/lachataigneraiedebelair.fr\/#website","url":"https:\/\/lachataigneraiedebelair.fr\/","name":"La Ch\u00e2taigneraie de Bel Air","description":"Votre compagnon est notre passion !","publisher":{"@id":"https:\/\/lachataigneraiedebelair.fr\/#organization"},"potentialAction":[{"@type":"SearchAction","target":{"@type":"EntryPoint","urlTemplate":"https:\/\/lachataigneraiedebelair.fr\/?s={search_term_string}"},"query-input":{"@type":"PropertyValueSpecification","valueRequired":true,"valueName":"search_term_string"}}],"inLanguage":"en-US"},{"@type":"Organization","@id":"https:\/\/lachataigneraiedebelair.fr\/#organization","name":"La Ch\u00e2taigneraie de Bel Air","url":"https:\/\/lachataigneraiedebelair.fr\/","logo":{"@type":"ImageObject","inLanguage":"en-US","@id":"https:\/\/lachataigneraiedebelair.fr\/#\/schema\/logo\/image\/","url":"https:\/\/lachataigneraiedebelair.fr\/wp-content\/uploads\/2024\/03\/cropped-Logo-1-Chataigneraie.png","contentUrl":"https:\/\/lachataigneraiedebelair.fr\/wp-content\/uploads\/2024\/03\/cropped-Logo-1-Chataigneraie.png","width":500,"height":500,"caption":"La Ch\u00e2taigneraie de Bel Air"},"image":{"@id":"https:\/\/lachataigneraiedebelair.fr\/#\/schema\/logo\/image\/"}}]}},"_links":{"self":[{"href":"https:\/\/lachataigneraiedebelair.fr\/index.php\/wp-json\/wp\/v2\/pages\/13","targetHints":{"allow":["GET"]}}],"collection":[{"href":"https:\/\/lachataigneraiedebelair.fr\/index.php\/wp-json\/wp\/v2\/pages"}],"about":[{"href":"https:\/\/lachataigneraiedebelair.fr\/index.php\/wp-json\/wp\/v2\/types\/page"}],"author":[{"embeddable":true,"href":"https:\/\/lachataigneraiedebelair.fr\/index.php\/wp-json\/wp\/v2\/users\/1"}],"replies":[{"embeddable":true,"href":"https:\/\/lachataigneraiedebelair.fr\/index.php\/wp-json\/wp\/v2\/comments?post=13"}],"version-history":[{"count":37,"href":"https:\/\/lachataigneraiedebelair.fr\/index.php\/wp-json\/wp\/v2\/pages\/13\/revisions"}],"predecessor-version":[{"id":304,"href":"https:\/\/lachataigneraiedebelair.fr\/index.php\/wp-json\/wp\/v2\/pages\/13\/revisions\/304"}],"wp:attachment":[{"href":"https:\/\/lachataigneraiedebelair.fr\/index.php\/wp-json\/wp\/v2\/media?parent=13"}],"curies":[{"name":"wp","href":"https:\/\/api.w.org\/{rel}","templated":true}]}}