{"id":11,"date":"2024-03-20T11:08:00","date_gmt":"2024-03-20T10:08:00","guid":{"rendered":"http:\/\/lachataigneraiedebelair.fr\/?page_id=11"},"modified":"2025-01-09T17:38:29","modified_gmt":"2025-01-09T16:38:29","slug":"tarifs","status":"publish","type":"page","link":"https:\/\/lachataigneraiedebelair.fr\/index.php\/tarifs\/","title":{"rendered":"Services &#038; Tarifs"},"content":{"rendered":"\t\t<div data-elementor-type=\"wp-page\" data-elementor-id=\"11\" class=\"elementor elementor-11\">\n\t\t\t\t<div class=\"elementor-element elementor-element-ae8057b e-con-full e-flex e-con e-parent\" data-id=\"ae8057b\" data-element_type=\"container\" data-e-type=\"container\">\n\t\t\t\t<div class=\"elementor-element elementor-element-5b94d54 elementor-widget elementor-widget-heading\" data-id=\"5b94d54\" data-element_type=\"widget\" data-e-type=\"widget\" data-widget_type=\"heading.default\">\n\t\t\t\t<div class=\"elementor-widget-container\">\n\t\t\t\t\t<h2 class=\"elementor-heading-title elementor-size-default\">Conditions d'admission<\/h2>\t\t\t\t<\/div>\n\t\t\t\t<\/div>\n\t\t\t\t<div class=\"elementor-element elementor-element-b7a6054 elementor-widget elementor-widget-text-editor\" data-id=\"b7a6054\" data-element_type=\"widget\" data-e-type=\"widget\" data-widget_type=\"text-editor.default\">\n\t\t\t\t<div class=\"elementor-widget-container\">\n\t\t\t\t\t\t\t\t\t<ul><li>La pension est ouverte toute l&#8217;ann\u00e9e 7j\/7de 9 heures \u00e0 12 heures et de 14 heures \u00e0 18 heures.<\/li><li>L&#8217;accueil et la sortie des pensionnaires se fait uniquement dans ces horaires l\u00e0.<\/li><li>Nous exigeons que votre animal soit identifi\u00e9 par tatouage ou transpondeur, nous garderons son carnet de sant\u00e9 et sa carte d&#8217;identification toute la dur\u00e9e du s\u00e9jour.<\/li><li>Votre compagnon doit \u00eatre vaccin\u00e9, <u><span class=\"gras\">vaccin toux du chenil obligatoire<\/span><\/u>, il doit \u00eatre pr\u00e9sent\u00e9 en bonne \u00e9tat de propret\u00e9 et munis d&#8217;une protection anti parasitaire<\/li><li data-pm-slice=\"1 1 []\">interne (vermifuge) et externe (puces et tiques).<\/li><li data-pm-slice=\"1 1 []\">La pension se r\u00e9serve le droit de refuser l&#8217;animal pour des raisons d&#8217;hygi\u00e8ne ou de s\u00e9curit\u00e9.<\/li><li>En cas de maladie ou d&#8217;accident, l&#8217;animal sera conduit chez le v\u00e9t\u00e9rinaire, la facture reste \u00e0 la charge du client.<\/li><li>Les chiens cat\u00e9goris\u00e9s ne sont pas admis.<\/li><\/ul>\t\t\t\t\t\t\t\t<\/div>\n\t\t\t\t<\/div>\n\t\t\t\t<div class=\"elementor-element elementor-element-9b034a7 elementor-widget elementor-widget-image\" data-id=\"9b034a7\" data-element_type=\"widget\" data-e-type=\"widget\" data-widget_type=\"image.default\">\n\t\t\t\t<div class=\"elementor-widget-container\">\n\t\t\t\t\t\t\t\t\t\t\t\t\t\t\t<img fetchpriority=\"high\" decoding=\"async\" width=\"1023\" height=\"1024\" src=\"https:\/\/lachataigneraiedebelair.fr\/wp-content\/uploads\/2024\/03\/7.jpg\" class=\"attachment-large size-large wp-image-184\" alt=\"\" srcset=\"https:\/\/lachataigneraiedebelair.fr\/wp-content\/uploads\/2024\/03\/7.jpg 1023w, https:\/\/lachataigneraiedebelair.fr\/wp-content\/uploads\/2024\/03\/7-300x300.jpg 300w, https:\/\/lachataigneraiedebelair.fr\/wp-content\/uploads\/2024\/03\/7-150x150.jpg 150w, https:\/\/lachataigneraiedebelair.fr\/wp-content\/uploads\/2024\/03\/7-768x769.jpg 768w, https:\/\/lachataigneraiedebelair.fr\/wp-content\/uploads\/2024\/03\/7-600x600.jpg 600w\" sizes=\"(max-width: 1023px) 100vw, 1023px\" \/>\t\t\t\t\t\t\t\t\t\t\t\t\t\t\t<\/div>\n\t\t\t\t<\/div>\n\t\t\t\t<\/div>\n\t\t<div class=\"elementor-element elementor-element-6d62650 e-con-full e-flex e-con e-parent\" data-id=\"6d62650\" data-element_type=\"container\" data-e-type=\"container\">\n\t\t\t\t<div class=\"elementor-element elementor-element-deb3618 elementor-widget elementor-widget-heading\" data-id=\"deb3618\" data-element_type=\"widget\" data-e-type=\"widget\" data-widget_type=\"heading.default\">\n\t\t\t\t<div class=\"elementor-widget-container\">\n\t\t\t\t\t<h2 class=\"elementor-heading-title elementor-size-default\">Tarifs<\/h2>\t\t\t\t<\/div>\n\t\t\t\t<\/div>\n\t\t\t\t<div class=\"elementor-element elementor-element-c5abfae elementor-widget elementor-widget-text-editor\" data-id=\"c5abfae\" data-element_type=\"widget\" data-e-type=\"widget\" data-widget_type=\"text-editor.default\">\n\t\t\t\t<div class=\"elementor-widget-container\">\n\t\t\t\t\t\t\t\t\t<ul><li>\u00a015 euros par jour pour un chien.<\/li><li data-pm-slice=\"1 1 []\">La journ\u00e9e d&#8217;entr\u00e9e est factur\u00e9e quelque soit l&#8217;heure d&#8217;arriv\u00e9e, le jour de sortie n&#8217;est pas factur\u00e9 si vous reprenez votre chien avant 12 heures.<\/li><li data-pm-slice=\"1 1 []\">P\u00e9riode de froid :<span class=\"gras\"> un suppl\u00e9ment de 2\u00a0 Euros sera factur\u00e9 pour le chauffage<\/span><\/li><li data-pm-slice=\"1 1 []\">Un acompte de 30% du s\u00e9jour sera demand\u00e9 \u00e0 la r\u00e9servation.<\/li><li>Une r\u00e9duction de 10% est accord\u00e9e pour les s\u00e9jours sup\u00e9rieurs \u00e0 15 jours ainsi qu&#8217;aux personnes nous confiant 2 chiens ou plus.<\/li><li>Les r\u00e9servations sont d\u00e9finitives qu&#8217;apr\u00e8s le versement de l&#8217;acompte.<\/li><li>Le r\u00e8glement s&#8217;effectue par ch\u00e8que bancaire ou esp\u00e8ces.<\/li><\/ul>\t\t\t\t\t\t\t\t<\/div>\n\t\t\t\t<\/div>\n\t\t\t\t<\/div>\n\t\t\t\t<\/div>\n\t\t","protected":false},"excerpt":{"rendered":"<p>Conditions d&#8217;admission La pension est ouverte toute l&#8217;ann\u00e9e 7j\/7de 9 heures \u00e0 12 heures et de 14 heures \u00e0 18 heures. L&#8217;accueil et la sortie des pensionnaires se fait uniquement dans ces horaires l\u00e0. Nous exigeons que votre animal soit identifi\u00e9 par tatouage ou transpondeur, nous garderons son carnet de sant\u00e9 et sa carte d&#8217;identification [&hellip;]<\/p>\n","protected":false},"author":1,"featured_media":0,"parent":0,"menu_order":0,"comment_status":"closed","ping_status":"closed","template":"","meta":{"footnotes":""},"class_list":["post-11","page","type-page","status-publish","hentry","entry"],"yoast_head":"<!-- This site is optimized with the Yoast SEO plugin v27.1.1 - https:\/\/yoast.com\/product\/yoast-seo-wordpress\/ -->\n<title>Services &amp; Tarifs - La Ch\u00e2taigneraie de Bel Air<\/title>\n<meta name=\"robots\" content=\"index, follow, max-snippet:-1, max-image-preview:large, max-video-preview:-1\" \/>\n<link rel=\"canonical\" href=\"https:\/\/lachataigneraiedebelair.fr\/index.php\/tarifs\/\" \/>\n<meta property=\"og:locale\" content=\"en_US\" \/>\n<meta property=\"og:type\" content=\"article\" \/>\n<meta property=\"og:title\" content=\"Services &amp; Tarifs - La Ch\u00e2taigneraie de Bel Air\" \/>\n<meta property=\"og:description\" content=\"Conditions d&#8217;admission La pension est ouverte toute l&#8217;ann\u00e9e 7j\/7de 9 heures \u00e0 12 heures et de 14 heures \u00e0 18 heures. L&#8217;accueil et la sortie des pensionnaires se fait uniquement dans ces horaires l\u00e0. Nous exigeons que votre animal soit identifi\u00e9 par tatouage ou transpondeur, nous garderons son carnet de sant\u00e9 et sa carte d&#8217;identification [&hellip;]\" \/>\n<meta property=\"og:url\" content=\"https:\/\/lachataigneraiedebelair.fr\/index.php\/tarifs\/\" \/>\n<meta property=\"og:site_name\" content=\"La Ch\u00e2taigneraie de Bel Air\" \/>\n<meta property=\"article:modified_time\" content=\"2025-01-09T16:38:29+00:00\" \/>\n<meta property=\"og:image\" content=\"http:\/\/lachataigneraiedebelair.fr\/wp-content\/uploads\/2024\/03\/7.jpg\" \/>\n<meta name=\"twitter:card\" content=\"summary_large_image\" \/>\n<meta name=\"twitter:label1\" content=\"Est. reading time\" \/>\n\t<meta name=\"twitter:data1\" content=\"2 minutes\" \/>\n<script type=\"application\/ld+json\" class=\"yoast-schema-graph\">{\"@context\":\"https:\/\/schema.org\",\"@graph\":[{\"@type\":\"WebPage\",\"@id\":\"https:\/\/lachataigneraiedebelair.fr\/index.php\/tarifs\/\",\"url\":\"https:\/\/lachataigneraiedebelair.fr\/index.php\/tarifs\/\",\"name\":\"Services & Tarifs - La Ch\u00e2taigneraie de Bel Air\",\"isPartOf\":{\"@id\":\"https:\/\/lachataigneraiedebelair.fr\/#website\"},\"primaryImageOfPage\":{\"@id\":\"https:\/\/lachataigneraiedebelair.fr\/index.php\/tarifs\/#primaryimage\"},\"image\":{\"@id\":\"https:\/\/lachataigneraiedebelair.fr\/index.php\/tarifs\/#primaryimage\"},\"thumbnailUrl\":\"http:\/\/lachataigneraiedebelair.fr\/wp-content\/uploads\/2024\/03\/7.jpg\",\"datePublished\":\"2024-03-20T10:08:00+00:00\",\"dateModified\":\"2025-01-09T16:38:29+00:00\",\"breadcrumb\":{\"@id\":\"https:\/\/lachataigneraiedebelair.fr\/index.php\/tarifs\/#breadcrumb\"},\"inLanguage\":\"en-US\",\"potentialAction\":[{\"@type\":\"ReadAction\",\"target\":[\"https:\/\/lachataigneraiedebelair.fr\/index.php\/tarifs\/\"]}]},{\"@type\":\"ImageObject\",\"inLanguage\":\"en-US\",\"@id\":\"https:\/\/lachataigneraiedebelair.fr\/index.php\/tarifs\/#primaryimage\",\"url\":\"https:\/\/lachataigneraiedebelair.fr\/wp-content\/uploads\/2024\/03\/7.jpg\",\"contentUrl\":\"https:\/\/lachataigneraiedebelair.fr\/wp-content\/uploads\/2024\/03\/7.jpg\",\"width\":1023,\"height\":1024},{\"@type\":\"BreadcrumbList\",\"@id\":\"https:\/\/lachataigneraiedebelair.fr\/index.php\/tarifs\/#breadcrumb\",\"itemListElement\":[{\"@type\":\"ListItem\",\"position\":1,\"name\":\"Accueil\",\"item\":\"https:\/\/lachataigneraiedebelair.fr\/\"},{\"@type\":\"ListItem\",\"position\":2,\"name\":\"Services &#038; Tarifs\"}]},{\"@type\":\"WebSite\",\"@id\":\"https:\/\/lachataigneraiedebelair.fr\/#website\",\"url\":\"https:\/\/lachataigneraiedebelair.fr\/\",\"name\":\"La Ch\u00e2taigneraie de Bel Air\",\"description\":\"Votre compagnon est notre passion !\",\"publisher\":{\"@id\":\"https:\/\/lachataigneraiedebelair.fr\/#organization\"},\"potentialAction\":[{\"@type\":\"SearchAction\",\"target\":{\"@type\":\"EntryPoint\",\"urlTemplate\":\"https:\/\/lachataigneraiedebelair.fr\/?s={search_term_string}\"},\"query-input\":{\"@type\":\"PropertyValueSpecification\",\"valueRequired\":true,\"valueName\":\"search_term_string\"}}],\"inLanguage\":\"en-US\"},{\"@type\":\"Organization\",\"@id\":\"https:\/\/lachataigneraiedebelair.fr\/#organization\",\"name\":\"La Ch\u00e2taigneraie de Bel Air\",\"url\":\"https:\/\/lachataigneraiedebelair.fr\/\",\"logo\":{\"@type\":\"ImageObject\",\"inLanguage\":\"en-US\",\"@id\":\"https:\/\/lachataigneraiedebelair.fr\/#\/schema\/logo\/image\/\",\"url\":\"https:\/\/lachataigneraiedebelair.fr\/wp-content\/uploads\/2024\/03\/cropped-Logo-1-Chataigneraie.png\",\"contentUrl\":\"https:\/\/lachataigneraiedebelair.fr\/wp-content\/uploads\/2024\/03\/cropped-Logo-1-Chataigneraie.png\",\"width\":500,\"height\":500,\"caption\":\"La Ch\u00e2taigneraie de Bel Air\"},\"image\":{\"@id\":\"https:\/\/lachataigneraiedebelair.fr\/#\/schema\/logo\/image\/\"}}]}<\/script>\n<!-- \/ Yoast SEO plugin. -->","yoast_head_json":{"title":"Services & Tarifs - La Ch\u00e2taigneraie de Bel Air","robots":{"index":"index","follow":"follow","max-snippet":"max-snippet:-1","max-image-preview":"max-image-preview:large","max-video-preview":"max-video-preview:-1"},"canonical":"https:\/\/lachataigneraiedebelair.fr\/index.php\/tarifs\/","og_locale":"en_US","og_type":"article","og_title":"Services & Tarifs - La Ch\u00e2taigneraie de Bel Air","og_description":"Conditions d&#8217;admission La pension est ouverte toute l&#8217;ann\u00e9e 7j\/7de 9 heures \u00e0 12 heures et de 14 heures \u00e0 18 heures. L&#8217;accueil et la sortie des pensionnaires se fait uniquement dans ces horaires l\u00e0. Nous exigeons que votre animal soit identifi\u00e9 par tatouage ou transpondeur, nous garderons son carnet de sant\u00e9 et sa carte d&#8217;identification [&hellip;]","og_url":"https:\/\/lachataigneraiedebelair.fr\/index.php\/tarifs\/","og_site_name":"La Ch\u00e2taigneraie de Bel Air","article_modified_time":"2025-01-09T16:38:29+00:00","og_image":[{"url":"http:\/\/lachataigneraiedebelair.fr\/wp-content\/uploads\/2024\/03\/7.jpg","type":"","width":"","height":""}],"twitter_card":"summary_large_image","twitter_misc":{"Est. reading time":"2 minutes"},"schema":{"@context":"https:\/\/schema.org","@graph":[{"@type":"WebPage","@id":"https:\/\/lachataigneraiedebelair.fr\/index.php\/tarifs\/","url":"https:\/\/lachataigneraiedebelair.fr\/index.php\/tarifs\/","name":"Services & Tarifs - La Ch\u00e2taigneraie de Bel Air","isPartOf":{"@id":"https:\/\/lachataigneraiedebelair.fr\/#website"},"primaryImageOfPage":{"@id":"https:\/\/lachataigneraiedebelair.fr\/index.php\/tarifs\/#primaryimage"},"image":{"@id":"https:\/\/lachataigneraiedebelair.fr\/index.php\/tarifs\/#primaryimage"},"thumbnailUrl":"http:\/\/lachataigneraiedebelair.fr\/wp-content\/uploads\/2024\/03\/7.jpg","datePublished":"2024-03-20T10:08:00+00:00","dateModified":"2025-01-09T16:38:29+00:00","breadcrumb":{"@id":"https:\/\/lachataigneraiedebelair.fr\/index.php\/tarifs\/#breadcrumb"},"inLanguage":"en-US","potentialAction":[{"@type":"ReadAction","target":["https:\/\/lachataigneraiedebelair.fr\/index.php\/tarifs\/"]}]},{"@type":"ImageObject","inLanguage":"en-US","@id":"https:\/\/lachataigneraiedebelair.fr\/index.php\/tarifs\/#primaryimage","url":"https:\/\/lachataigneraiedebelair.fr\/wp-content\/uploads\/2024\/03\/7.jpg","contentUrl":"https:\/\/lachataigneraiedebelair.fr\/wp-content\/uploads\/2024\/03\/7.jpg","width":1023,"height":1024},{"@type":"BreadcrumbList","@id":"https:\/\/lachataigneraiedebelair.fr\/index.php\/tarifs\/#breadcrumb","itemListElement":[{"@type":"ListItem","position":1,"name":"Accueil","item":"https:\/\/lachataigneraiedebelair.fr\/"},{"@type":"ListItem","position":2,"name":"Services &#038; Tarifs"}]},{"@type":"WebSite","@id":"https:\/\/lachataigneraiedebelair.fr\/#website","url":"https:\/\/lachataigneraiedebelair.fr\/","name":"La Ch\u00e2taigneraie de Bel Air","description":"Votre compagnon est notre passion !","publisher":{"@id":"https:\/\/lachataigneraiedebelair.fr\/#organization"},"potentialAction":[{"@type":"SearchAction","target":{"@type":"EntryPoint","urlTemplate":"https:\/\/lachataigneraiedebelair.fr\/?s={search_term_string}"},"query-input":{"@type":"PropertyValueSpecification","valueRequired":true,"valueName":"search_term_string"}}],"inLanguage":"en-US"},{"@type":"Organization","@id":"https:\/\/lachataigneraiedebelair.fr\/#organization","name":"La Ch\u00e2taigneraie de Bel Air","url":"https:\/\/lachataigneraiedebelair.fr\/","logo":{"@type":"ImageObject","inLanguage":"en-US","@id":"https:\/\/lachataigneraiedebelair.fr\/#\/schema\/logo\/image\/","url":"https:\/\/lachataigneraiedebelair.fr\/wp-content\/uploads\/2024\/03\/cropped-Logo-1-Chataigneraie.png","contentUrl":"https:\/\/lachataigneraiedebelair.fr\/wp-content\/uploads\/2024\/03\/cropped-Logo-1-Chataigneraie.png","width":500,"height":500,"caption":"La Ch\u00e2taigneraie de Bel Air"},"image":{"@id":"https:\/\/lachataigneraiedebelair.fr\/#\/schema\/logo\/image\/"}}]}},"_links":{"self":[{"href":"https:\/\/lachataigneraiedebelair.fr\/index.php\/wp-json\/wp\/v2\/pages\/11","targetHints":{"allow":["GET"]}}],"collection":[{"href":"https:\/\/lachataigneraiedebelair.fr\/index.php\/wp-json\/wp\/v2\/pages"}],"about":[{"href":"https:\/\/lachataigneraiedebelair.fr\/index.php\/wp-json\/wp\/v2\/types\/page"}],"author":[{"embeddable":true,"href":"https:\/\/lachataigneraiedebelair.fr\/index.php\/wp-json\/wp\/v2\/users\/1"}],"replies":[{"embeddable":true,"href":"https:\/\/lachataigneraiedebelair.fr\/index.php\/wp-json\/wp\/v2\/comments?post=11"}],"version-history":[{"count":56,"href":"https:\/\/lachataigneraiedebelair.fr\/index.php\/wp-json\/wp\/v2\/pages\/11\/revisions"}],"predecessor-version":[{"id":312,"href":"https:\/\/lachataigneraiedebelair.fr\/index.php\/wp-json\/wp\/v2\/pages\/11\/revisions\/312"}],"wp:attachment":[{"href":"https:\/\/lachataigneraiedebelair.fr\/index.php\/wp-json\/wp\/v2\/media?parent=11"}],"curies":[{"name":"wp","href":"https:\/\/api.w.org\/{rel}","templated":true}]}}